{"id":1481,"date":"2024-02-29T15:40:48","date_gmt":"2024-02-29T12:40:48","guid":{"rendered":"https:\/\/aquaprincess.com\/dienstleistungen-uebertragen\/"},"modified":"2026-04-15T18:48:36","modified_gmt":"2026-04-15T15:48:36","slug":"dienstleistungen-uebertragen","status":"publish","type":"page","link":"https:\/\/aquaprincess.com\/de\/dienstleistungen-uebertragen\/","title":{"rendered":"Transportdienste"},"content":{"rendered":"\n<div class=\"wp-block-stackable-columns alignfull stk-block-columns stk-block stk-5e7e94e stk-block-background stk--has-background-overlay\" data-block-id=\"5e7e94e\"><style>.stk-5e7e94e {background-image:url(https:\/\/aquaprincess.com\/wp-content\/uploads\/2024\/03\/aquaprincess-slider-0201.webp) !important;min-height:450px !important;align-items:center !important;display:flex !important;}@media screen and (max-width:689px){.stk-5e7e94e {min-height:350px !important;}}<\/style><div class=\"stk-row stk-inner-blocks stk-block-content stk-content-align stk-5e7e94e-column alignfull\">\n<div class=\"wp-block-stackable-column stk-block-column stk-column stk-block stk-c038f00\" data-v=\"4\" data-block-id=\"c038f00\"><div class=\"stk-column-wrapper stk-block-column__content stk-container stk-c038f00-container stk--no-background stk--no-padding\"><div class=\"stk-block-content stk-inner-blocks stk-c038f00-inner-blocks\">\n<div class=\"wp-block-stackable-heading stk-block-heading stk-block-heading--v2 stk-block stk-ec3f56c\" id=\"transportdienste\" data-block-id=\"ec3f56c\"><style>.stk-ec3f56c .stk-block-heading__text{text-shadow:0px 0px 3px #000000ff !important;color:var(--theme-palette-color-8, #ffffff) !important;}<\/style><h1 class=\"stk-block-heading__text has-text-color has-text-align-center\">Transportdienste<\/h1><\/div>\n<\/div><\/div><\/div>\n<\/div><\/div>\n\n\n\n<div class=\"wp-block-stackable-columns stk-block-columns stk-block stk-7894c5d\" data-block-id=\"7894c5d\"><style>.stk-7894c5d {min-height:80vh !important;}<\/style><div class=\"stk-row stk-inner-blocks stk-block-content stk-content-align stk-7894c5d-column\">\n<div class=\"wp-block-stackable-column stk-block-column stk-column stk-block stk-776fdf6\" data-v=\"4\" data-block-id=\"776fdf6\"><style>@media screen and (min-width:690px){.stk-776fdf6 {flex:var(--stk-flex-grow, 1) 1 calc(65% - var(--stk-column-gap, 0px) * 1 \/ 2 ) !important;}}<\/style><div class=\"stk-column-wrapper stk-block-column__content stk-container stk-776fdf6-container stk--no-background stk--no-padding\"><div class=\"stk-block-content stk-inner-blocks stk-776fdf6-inner-blocks\">\n<div class=\"wp-block-stackable-heading stk-block-heading stk-block-heading--v2 stk-block stk-1fbf656\" id=\"transfer-buchen\" data-block-id=\"1fbf656\"><style>.stk-1fbf656 {margin-bottom:10px !important;}.stk-1fbf656 .stk-block-heading__text{font-size:26px !important;}@media screen and (max-width:999px){.stk-1fbf656 .stk-block-heading__text{font-size:26px !important;}}<\/style><h2 class=\"stk-block-heading__text has-text-align-left\">Transfer Buchen<\/h2><\/div>\n\n\n\n<div class=\"wp-block-stackable-text stk-block-text stk-block stk-fc5cbf9\" data-block-id=\"fc5cbf9\"><style>.stk-fc5cbf9 {margin-bottom:5px !important;}<\/style><p class=\"stk-block-text__text\">Flughafentransfers werden von TRANSFER FOR HOTELS angeboten, dem Unternehmen, das den Transfer abwickelt. Unser Unternehmen empfiehlt seinen G\u00e4sten ausschlie\u00dflich diesen Service. Es ist ein sicherer, komfortabler, organisierter und \u00fcberwachter Service. Unsere Transfers sind individuell. Der Transferservice beginnt mit einem privaten Fahrzeug vom Flughafen und endet vor der Hotelt\u00fcr. Sie k\u00f6nnen diesen Service nutzen, um zu Ihrem Hotel zu gelangen und sicher online zu buchen. Sie k\u00f6nnen uns jederzeit f\u00fcr Reservierungen kontaktieren oder uns bei weiteren Fragen unter <a href=\"mailto:info@aquaprincess.com\">info@aquaprincess.com<\/a> kontaktieren.<\/p><\/div>\n<\/div><\/div><\/div>\n\n\n\n<div class=\"wp-block-stackable-column stk-block-column stk-column stk-block stk-ef8659d\" data-v=\"4\" data-block-id=\"ef8659d\"><style>@media screen and (min-width:690px){.stk-ef8659d {flex:var(--stk-flex-grow, 1) 1 calc(35% - var(--stk-column-gap, 0px) * 1 \/ 2 ) !important;}}<\/style><div class=\"stk-column-wrapper stk-block-column__content stk-container stk-ef8659d-container stk--no-background stk--no-padding\"><div class=\"stk-block-content stk-inner-blocks stk-ef8659d-inner-blocks\"><div id=\"welcomepickups\">\r\n<script type=\"text\/props\">\r\n{\r\n\"partner_id\":\"73182\",\r\n\"to_location_id\":\"1044437\",\r\n\"locale\": \"de\",\r\n\"quote_url\":\"\/\/traveler.transfersforhotels.com\/\"\r\n}\r\n<\/script>\r\n<\/div>\r\n<script src=\"https:\/\/cdn.b2b.welcomepickups.com\/widget\/bundle.js\">\r\n<\/script>\n<\/div><\/div><\/div>\n<\/div><\/div>\n","protected":false},"excerpt":{"rendered":"<p>Transportdienste Transfer Buchen Flughafentransfers werden von TRANSFER FOR HOTELS angeboten, dem Unternehmen, das den Transfer abwickelt. Unser Unternehmen empfiehlt seinen G\u00e4sten ausschlie\u00dflich diesen Service. Es ist ein sicherer, komfortabler, organisierter und \u00fcberwachter Service. Unsere Transfers sind individuell. Der Transferservice beginnt mit einem privaten Fahrzeug vom Flughafen und endet vor der Hotelt\u00fcr. Sie k\u00f6nnen diesen Service [&hellip;]<\/p>\n","protected":false},"author":1,"featured_media":2205,"parent":0,"menu_order":10,"comment_status":"closed","ping_status":"closed","template":"","meta":{"footnotes":""},"class_list":["post-1481","page","type-page","status-publish","has-post-thumbnail","hentry"],"blocksy_meta":{"vertical_spacing_source":"custom","content_area_spacing":"bottom","styles_descriptor":{"styles":{"desktop":"","tablet":"","mobile":""},"google_fonts":[],"version":6}},"_links":{"self":[{"href":"https:\/\/aquaprincess.com\/de\/wp-json\/wp\/v2\/pages\/1481","targetHints":{"allow":["GET"]}}],"collection":[{"href":"https:\/\/aquaprincess.com\/de\/wp-json\/wp\/v2\/pages"}],"about":[{"href":"https:\/\/aquaprincess.com\/de\/wp-json\/wp\/v2\/types\/page"}],"author":[{"embeddable":true,"href":"https:\/\/aquaprincess.com\/de\/wp-json\/wp\/v2\/users\/1"}],"replies":[{"embeddable":true,"href":"https:\/\/aquaprincess.com\/de\/wp-json\/wp\/v2\/comments?post=1481"}],"version-history":[{"count":2,"href":"https:\/\/aquaprincess.com\/de\/wp-json\/wp\/v2\/pages\/1481\/revisions"}],"predecessor-version":[{"id":2806,"href":"https:\/\/aquaprincess.com\/de\/wp-json\/wp\/v2\/pages\/1481\/revisions\/2806"}],"wp:featuredmedia":[{"embeddable":true,"href":"https:\/\/aquaprincess.com\/de\/wp-json\/wp\/v2\/media\/2205"}],"wp:attachment":[{"href":"https:\/\/aquaprincess.com\/de\/wp-json\/wp\/v2\/media?parent=1481"}],"curies":[{"name":"wp","href":"https:\/\/api.w.org\/{rel}","templated":true}]}}