{"id":671,"date":"2023-12-21T21:47:12","date_gmt":"2023-12-21T18:47:12","guid":{"rendered":"https:\/\/aquaprincess.com\/?page_id=671"},"modified":"2024-05-29T11:43:44","modified_gmt":"2024-05-29T08:43:44","slug":"about-kas","status":"publish","type":"page","link":"https:\/\/aquaprincess.com\/en\/about-kas\/","title":{"rendered":"About Ka\u015f"},"content":{"rendered":"\n<div class=\"wp-block-stackable-columns alignfull stk-block-columns stk-block stk-09ceb33 stk-block-background stk--has-background-overlay\" data-block-id=\"09ceb33\"><style>.stk-09ceb33{background-image:url(https:\/\/aquaprincess.com\/wp-content\/uploads\/2023\/12\/kas-hakkinda-01.webp) !important;min-height:90vh !important;align-items:center !important;display:flex !important}@media screen and (max-width:689px){.stk-09ceb33{min-height:450px !important}}<\/style><div class=\"stk-row stk-inner-blocks stk-block-content stk-content-align stk-09ceb33-column alignfull\">\n<div class=\"wp-block-stackable-column stk-block-column stk-column stk-block stk-be7f505\" data-v=\"4\" data-block-id=\"be7f505\"><div class=\"stk-column-wrapper stk-block-column__content stk-container stk-be7f505-container stk--no-background stk--no-padding\"><div class=\"stk-block-content stk-inner-blocks stk-be7f505-inner-blocks\">\n<div class=\"wp-block-stackable-heading stk-block-heading stk-block-heading--v2 stk-block stk-62345ee\" id=\"about-kas\" data-block-id=\"62345ee\"><style>.stk-62345ee .stk-block-heading__text{text-shadow:0px 0px 4px #000000ff !important;color:#fbff05 !important}<\/style><h1 class=\"stk-block-heading__text has-text-color has-text-align-center\">About Ka\u015f<\/h1><\/div>\n<\/div><\/div><\/div>\n<\/div><\/div>\n\n\n\n<div class=\"wp-block-stackable-heading stk-block-heading stk-block-heading--v2 stk-block stk-5e6f4b0\" id=\"cultural-heritage\" data-block-id=\"5e6f4b0\"><style>.stk-5e6f4b0{margin-top:30px !important;margin-bottom:10px !important}.stk-5e6f4b0 .stk-block-heading__text{font-size:26px !important}@media screen and (max-width:999px){.stk-5e6f4b0 .stk-block-heading__text{font-size:26px !important}}<\/style><h2 class=\"stk-block-heading__text has-text-align-center\">Cultural Heritage<\/h2><\/div>\n\n\n\n<div class=\"wp-block-stackable-text stk-block-text stk-block stk-0c76b55\" data-block-id=\"0c76b55\"><p class=\"stk-block-text__text\">Ka\u015f, one of the unspoilt resorts of the Mediterranean, is a charming port town located on the coastline stretching from Antalya to Fethiye. West at the point where the steep slopes of the Taurus Mountains meet the sea; It is surrounded by peninsulas, islets and its neighbor Meis Island. <\/p><\/div>\n\n\n\n<div class=\"wp-block-stackable-text stk-block-text stk-block stk-21422fa\" data-block-id=\"21422fa\"><p class=\"stk-block-text__text\">Ka\u015f&#8217;s name is claimed to be Habessos in 2000 B.C. According to an inscription found in the city and written in two different languages, it was built on Antiphellos, the old port city of the Central Lycia Region, in ancient times. It was called Andifli until the beginning of the 20th century. It developed into a rich, self-sufficient city thanks to the trade of cedar trees and acorns obtained from the forests of the region and sponge diving. <\/p><\/div>\n\n\n\n<div class=\"wp-block-stackable-text stk-block-text stk-block stk-c6953f8\" data-block-id=\"c6953f8\"><p class=\"stk-block-text__text\">One of the most striking monuments among the historical ruins of Ka\u015f is the one we encounter on Uzun \u00c7ar\u015f\u0131 Street and dates back to B.C. It is a sarcophagus dating back to the 4th century. While wandering around the city, it is possible to come across many rock tombs, sarcophagi and tomb monuments called &#8220;Mausoleion&#8221;. <\/p><\/div>\n\n\n\n<div class=\"wp-block-stackable-text stk-block-text stk-block stk-e6ebdc4\" data-block-id=\"e6ebdc4\"><p class=\"stk-block-text__text\">On the side of the elevation, called the Acropolis, facing Meis Island, you can see the remains of well-crafted city walls that have survived to the present day. In the west of the city, the theater of Antiphellos, dating back to the Hellenistic Period, is quite intact. <\/p><\/div>\n\n\n\n<div class=\"wp-block-stackable-text stk-block-text stk-block stk-40f0eea\" data-block-id=\"40f0eea\"><p class=\"stk-block-text__text\">Besides its historical monuments, Ka\u015f is a natural paradise: Big Gravel, Small Gravel and Ak\u00e7agerme and Kaputa\u015f beaches located on the Kalkan road are places where you can cool off in their crystal clear waters. Also, we should not forget the ancient city of Sebeda and Limana\u011fz\u0131 Beach, the second harbor of Antiphellos, which can only be reached by sea and walking route. While you can go to Kekova (Simena), where nature and history are integrated, by boat, you can go to \u00dc\u00e7a\u011f\u0131z (Theimioussa) by land and then visit the sunken city and pearl-like bays by motorboat or sea kayak. Among the caves around Ka\u015f, the Blue Cave, A\u015f\u0131rl\u0131 Island Sea Cave, Kekova Island Sea Cave, G\u00fcvercinlik Cave, famous for its pigeons, H\u0131drellez Cave with its hairless bats and the ruins of the holy spring are noteworthy. <\/p><\/div>\n\n\n\n<div class=\"wp-block-stackable-text stk-block-text stk-block stk-f17d782\" data-block-id=\"f17d782\"><p class=\"stk-block-text__text\">Ka\u015f, where interest as a center for nature activities increases day by day, is on its way to becoming the most important diving center in the Mediterranean. It deserves this attention with its variable coastal structure, ancient shipwrecks and amphoras, modern ship and plane wrecks, reefs, canyons and caves, and a clear and turquoise sea enriched by fauna and flora, where most of the restricted areas are open to diving, and where there are no strong currents. <\/p><\/div>\n\n\n\n<div class=\"wp-block-stackable-text stk-block-text stk-block stk-01fd60f\" data-block-id=\"01fd60f\"><p class=\"stk-block-text__text\">The region also offers exciting options for those who want to do canoeing, one of the most popular water sports of recent years. Sea kayaking is possible in the unique bays of Ka\u015f (Antiphellos-Sebeda) and Kekova (Theimioussa-Simena), which are adorned with historical and natural beauties, and river canoeing is also possible in the calm flowing waters of E\u015fen and Dalaman streams. <\/p><\/div>\n\n\n\n<div class=\"wp-block-stackable-text stk-block-text stk-block stk-564d87e\" data-block-id=\"564d87e\"><p class=\"stk-block-text__text\">Ka\u015f is also extremely suitable for paragliding activity in terms of its climatic conditions and landforms. Paragliding enthusiasts can leave themselves on the shores of clear waters, watching the magnificent Ka\u015f Archipelago, while gliding through the green mountains accompanied by experienced instructors.<\/p><\/div>\n\n\n<div  id=\"jtg-517\" class=\"modula modula-gallery modula-creative-gallery\" data-config=\"{&quot;height&quot;:800,&quot;tabletHeight&quot;:800,&quot;mobileHeight&quot;:800,&quot;desktopHeight&quot;:800,&quot;enableTwitter&quot;:false,&quot;enableWhatsapp&quot;:false,&quot;enableFacebook&quot;:false,&quot;enablePinterest&quot;:false,&quot;enableLinkedin&quot;:false,&quot;enableEmail&quot;:false,&quot;randomFactor&quot;:0.5,&quot;type&quot;:&quot;creative-gallery&quot;,&quot;columns&quot;:12,&quot;gutter&quot;:10,&quot;mobileGutter&quot;:10,&quot;tabletGutter&quot;:10,&quot;desktopGutter&quot;:10,&quot;enableResponsive&quot;:&quot;0&quot;,&quot;tabletColumns&quot;:&quot;2&quot;,&quot;mobileColumns&quot;:&quot;1&quot;,&quot;lazyLoad&quot;:0,&quot;lightboxOpts&quot;:{&quot;animated&quot;:true,&quot;Thumbs&quot;:{&quot;type&quot;:&quot;modern&quot;,&quot;showOnStart&quot;:false},&quot;Toolbar&quot;:{&quot;display&quot;:{&quot;right&quot;:[&quot;close&quot;]},&quot;enabled&quot;:true},&quot;Carousel&quot;:{&quot;Panzoom&quot;:{&quot;touch&quot;:true},&quot;infinite&quot;:false},&quot;keyboard&quot;:{&quot;Escape&quot;:&quot;close&quot;,&quot;Delete&quot;:&quot;close&quot;,&quot;Backspace&quot;:&quot;close&quot;,&quot;PageUp&quot;:false,&quot;PageDown&quot;:false,&quot;ArrowUp&quot;:false,&quot;ArrowDown&quot;:false,&quot;ArrowRight&quot;:false,&quot;ArrowLeft&quot;:false},&quot;touch&quot;:false,&quot;backdropClick&quot;:false,&quot;l10n&quot;:{&quot;CLOSE&quot;:&quot;Close&quot;,&quot;NEXT&quot;:&quot;Next&quot;,&quot;PREV&quot;:&quot;Previous&quot;,&quot;Error&quot;:&quot;The requested content cannot be loaded. Please try again later.&quot;,&quot;PLAY_START&quot;:&quot;Start slideshow&quot;,&quot;PLAY_STOP&quot;:&quot;Pause slideshow&quot;,&quot;FULL_SCREEN&quot;:&quot;Full screen&quot;,&quot;THUMBS&quot;:&quot;Thumbnails&quot;,&quot;DOWNLOAD&quot;:&quot;Download&quot;,&quot;SHARE&quot;:&quot;Share&quot;,&quot;ZOOM&quot;:&quot;Zoom&quot;,&quot;EMAIL&quot;:&quot;Here is the link to the image : %%image_link%% and this is the link to the gallery : %%gallery_link%%&quot;,&quot;MODAL&quot;:&quot;You can close this modal content with the ESC key&quot;,&quot;ERROR&quot;:&quot;Something Went Wrong, Please Try Again Later&quot;,&quot;IMAGE_ERROR&quot;:&quot;Image Not Found&quot;,&quot;ELEMENT_NOT_FOUND&quot;:&quot;HTML Element Not Found&quot;,&quot;AJAX_NOT_FOUND&quot;:&quot;Error Loading AJAX : Not Found&quot;,&quot;AJAX_FORBIDDEN&quot;:&quot;Error Loading AJAX : Forbidden&quot;,&quot;IFRAME_ERROR&quot;:&quot;Error Loading Page&quot;,&quot;TOGGLE_ZOOM&quot;:&quot;Toggle zoom level&quot;,&quot;TOGGLE_THUMBS&quot;:&quot;Toggle thumbnails&quot;,&quot;TOGGLE_SLIDESHOW&quot;:&quot;Toggle slideshow&quot;,&quot;TOGGLE_FULLSCREEN&quot;:&quot;Toggle full-screen mode&quot;},&quot;Images&quot;:{&quot;Panzoom&quot;:{&quot;maxScale&quot;:2}},&quot;mainClass&quot;:&quot;modula-fancybox-container modula-lightbox-jtg-517&quot;,&quot;Html&quot;:{&quot;videoAutoplay&quot;:0,&quot;videoTpl&quot;:&quot;&lt;video class=\\&quot;fancybox__html5video\\&quot; controls muted playsinline controlsList controlsList=\\&quot;nodownload\\&quot; poster=\\&quot;{{poster}}\\&quot; src=\\&quot;{{src}}\\&quot; type=\\&quot;{{format}}\\&quot; &gt;  Sorry, your browser doesn&#039;t support embedded videos, &lt;a href=\\&quot;{{src}}\\&quot;&gt; download &lt;\\\/a&gt; and watch with your favorite video player! &lt;\\\/video&gt;&quot;}},&quot;inView&quot;:false,&quot;email_subject&quot;:&quot;Check out this awesome image !!&quot;,&quot;email_message&quot;:&quot;Here is the link to the image : %%image_link%% and this is the link to the gallery : %%gallery_link%%&quot;,&quot;lightbox&quot;:&quot;fancybox&quot;}\">\n\n\t\n\t<div  class=\"modula-items\">\n\t\t<div class=\"modula-item effect-pufrobo\" >\n\t<div class=\"modula-item-overlay\"><\/div>\n\n\t<div class=\"modula-item-content\">\n\n\t\t<a data-image-id=\"518\" role=\"button\" tabindex=\"0\" rel=\"jtg-517\" data-caption=\"\" aria-label=\"Open image in lightbox\" class=\"tile-inner modula-item-link\"><\/a><img loading=\"lazy\" decoding=\"async\" class=\"pic wp-image-518\"  data-valign=\"middle\" data-halign=\"center\" alt=\"Ka\u015f Hakk\u0131nda\" data-full=\"https:\/\/aquaprincess.com\/wp-content\/uploads\/2023\/12\/kas-hakkinda-06.webp\" title=\"Ka\u015f Hakk\u0131nda\" crop=\"\" width=\"1280\" height=\"1707\" src=\"https:\/\/aquaprincess.com\/wp-content\/uploads\/2023\/12\/kas-hakkinda-06.webp\" data-src=\"https:\/\/aquaprincess.com\/wp-content\/uploads\/2023\/12\/kas-hakkinda-06.webp\" data-caption=\"\" srcset=\"https:\/\/aquaprincess.com\/wp-content\/uploads\/2023\/12\/kas-hakkinda-06.webp 1280w, https:\/\/aquaprincess.com\/wp-content\/uploads\/2023\/12\/kas-hakkinda-06-225x300.webp 225w, https:\/\/aquaprincess.com\/wp-content\/uploads\/2023\/12\/kas-hakkinda-06-768x1024.webp 768w, https:\/\/aquaprincess.com\/wp-content\/uploads\/2023\/12\/kas-hakkinda-06-1152x1536.webp 1152w\" sizes=\"auto, (max-width: 1280px) 100vw, 1280px\" \/>\n\t\t<div class=\"figc no-description\">\n\t\t\t<div class=\"figc-inner\">\n\t\t\t\t\t\t\t\t\t\t\t\t\t\t\t<\/div>\n\t\t<\/div>\n\n\t<\/div>\n\n<\/div><div class=\"modula-item effect-pufrobo\" >\n\t<div class=\"modula-item-overlay\"><\/div>\n\n\t<div class=\"modula-item-content\">\n\n\t\t<a data-image-id=\"519\" role=\"button\" tabindex=\"0\" rel=\"jtg-517\" data-caption=\"\" aria-label=\"Open image in lightbox\" class=\"tile-inner modula-item-link\"><\/a><img loading=\"lazy\" decoding=\"async\" class=\"pic wp-image-519\"  data-valign=\"middle\" data-halign=\"center\" alt=\"Ka\u015f Hakk\u0131nda\" data-full=\"https:\/\/aquaprincess.com\/wp-content\/uploads\/2023\/12\/kas-hakkinda-01-1.webp\" title=\"Ka\u015f Hakk\u0131nda\" crop=\"\" width=\"1280\" height=\"941\" src=\"https:\/\/aquaprincess.com\/wp-content\/uploads\/2023\/12\/kas-hakkinda-01-1.webp\" data-src=\"https:\/\/aquaprincess.com\/wp-content\/uploads\/2023\/12\/kas-hakkinda-01-1.webp\" data-caption=\"\" srcset=\"https:\/\/aquaprincess.com\/wp-content\/uploads\/2023\/12\/kas-hakkinda-01-1.webp 1280w, https:\/\/aquaprincess.com\/wp-content\/uploads\/2023\/12\/kas-hakkinda-01-1-300x221.webp 300w, https:\/\/aquaprincess.com\/wp-content\/uploads\/2023\/12\/kas-hakkinda-01-1-1024x753.webp 1024w, https:\/\/aquaprincess.com\/wp-content\/uploads\/2023\/12\/kas-hakkinda-01-1-768x565.webp 768w\" sizes=\"auto, (max-width: 1280px) 100vw, 1280px\" \/>\n\t\t<div class=\"figc no-description\">\n\t\t\t<div class=\"figc-inner\">\n\t\t\t\t\t\t\t\t\t\t\t\t\t\t\t<\/div>\n\t\t<\/div>\n\n\t<\/div>\n\n<\/div><div class=\"modula-item effect-pufrobo\" >\n\t<div class=\"modula-item-overlay\"><\/div>\n\n\t<div class=\"modula-item-content\">\n\n\t\t<a data-image-id=\"520\" role=\"button\" tabindex=\"0\" rel=\"jtg-517\" data-caption=\"\" aria-label=\"Open image in lightbox\" class=\"tile-inner modula-item-link\"><\/a><img loading=\"lazy\" decoding=\"async\" class=\"pic wp-image-520\"  data-valign=\"middle\" data-halign=\"center\" alt=\"Ka\u015f Hakk\u0131nda\" data-full=\"https:\/\/aquaprincess.com\/wp-content\/uploads\/2023\/12\/kas-hakkinda-02.webp\" title=\"Ka\u015f Hakk\u0131nda\" crop=\"\" width=\"1280\" height=\"853\" src=\"https:\/\/aquaprincess.com\/wp-content\/uploads\/2023\/12\/kas-hakkinda-02.webp\" data-src=\"https:\/\/aquaprincess.com\/wp-content\/uploads\/2023\/12\/kas-hakkinda-02.webp\" data-caption=\"\" srcset=\"https:\/\/aquaprincess.com\/wp-content\/uploads\/2023\/12\/kas-hakkinda-02.webp 1280w, https:\/\/aquaprincess.com\/wp-content\/uploads\/2023\/12\/kas-hakkinda-02-300x200.webp 300w, https:\/\/aquaprincess.com\/wp-content\/uploads\/2023\/12\/kas-hakkinda-02-1024x682.webp 1024w, https:\/\/aquaprincess.com\/wp-content\/uploads\/2023\/12\/kas-hakkinda-02-768x512.webp 768w\" sizes=\"auto, (max-width: 1280px) 100vw, 1280px\" \/>\n\t\t<div class=\"figc no-description\">\n\t\t\t<div class=\"figc-inner\">\n\t\t\t\t\t\t\t\t\t\t\t\t\t\t\t<\/div>\n\t\t<\/div>\n\n\t<\/div>\n\n<\/div><div class=\"modula-item effect-pufrobo\" >\n\t<div class=\"modula-item-overlay\"><\/div>\n\n\t<div class=\"modula-item-content\">\n\n\t\t<a data-image-id=\"521\" role=\"button\" tabindex=\"0\" rel=\"jtg-517\" data-caption=\"\" aria-label=\"Open image in lightbox\" class=\"tile-inner modula-item-link\"><\/a><img loading=\"lazy\" decoding=\"async\" class=\"pic wp-image-521\"  data-valign=\"middle\" data-halign=\"center\" alt=\"Ka\u015f Hakk\u0131nda\" data-full=\"https:\/\/aquaprincess.com\/wp-content\/uploads\/2023\/12\/kas-hakkinda-03.webp\" title=\"Ka\u015f Hakk\u0131nda\" crop=\"\" width=\"1280\" height=\"561\" src=\"https:\/\/aquaprincess.com\/wp-content\/uploads\/2023\/12\/kas-hakkinda-03.webp\" data-src=\"https:\/\/aquaprincess.com\/wp-content\/uploads\/2023\/12\/kas-hakkinda-03.webp\" data-caption=\"\" srcset=\"https:\/\/aquaprincess.com\/wp-content\/uploads\/2023\/12\/kas-hakkinda-03.webp 1280w, https:\/\/aquaprincess.com\/wp-content\/uploads\/2023\/12\/kas-hakkinda-03-300x131.webp 300w, https:\/\/aquaprincess.com\/wp-content\/uploads\/2023\/12\/kas-hakkinda-03-1024x449.webp 1024w, https:\/\/aquaprincess.com\/wp-content\/uploads\/2023\/12\/kas-hakkinda-03-768x337.webp 768w\" sizes=\"auto, (max-width: 1280px) 100vw, 1280px\" \/>\n\t\t<div class=\"figc no-description\">\n\t\t\t<div class=\"figc-inner\">\n\t\t\t\t\t\t\t\t\t\t\t\t\t\t\t<\/div>\n\t\t<\/div>\n\n\t<\/div>\n\n<\/div><div class=\"modula-item effect-pufrobo\" >\n\t<div class=\"modula-item-overlay\"><\/div>\n\n\t<div class=\"modula-item-content\">\n\n\t\t<a data-image-id=\"522\" role=\"button\" tabindex=\"0\" rel=\"jtg-517\" data-caption=\"\" aria-label=\"Open image in lightbox\" class=\"tile-inner modula-item-link\"><\/a><img loading=\"lazy\" decoding=\"async\" class=\"pic wp-image-522\"  data-valign=\"middle\" data-halign=\"center\" alt=\"Ka\u015f Hakk\u0131nda\" data-full=\"https:\/\/aquaprincess.com\/wp-content\/uploads\/2023\/12\/kas-hakkinda-04.webp\" title=\"Ka\u015f Hakk\u0131nda\" crop=\"\" width=\"1280\" height=\"899\" src=\"https:\/\/aquaprincess.com\/wp-content\/uploads\/2023\/12\/kas-hakkinda-04.webp\" data-src=\"https:\/\/aquaprincess.com\/wp-content\/uploads\/2023\/12\/kas-hakkinda-04.webp\" data-caption=\"\" srcset=\"https:\/\/aquaprincess.com\/wp-content\/uploads\/2023\/12\/kas-hakkinda-04.webp 1280w, https:\/\/aquaprincess.com\/wp-content\/uploads\/2023\/12\/kas-hakkinda-04-300x211.webp 300w, https:\/\/aquaprincess.com\/wp-content\/uploads\/2023\/12\/kas-hakkinda-04-1024x719.webp 1024w, https:\/\/aquaprincess.com\/wp-content\/uploads\/2023\/12\/kas-hakkinda-04-768x539.webp 768w\" sizes=\"auto, (max-width: 1280px) 100vw, 1280px\" \/>\n\t\t<div class=\"figc no-description\">\n\t\t\t<div class=\"figc-inner\">\n\t\t\t\t\t\t\t\t\t\t\t\t\t\t\t<\/div>\n\t\t<\/div>\n\n\t<\/div>\n\n<\/div><div class=\"modula-item effect-pufrobo\" >\n\t<div class=\"modula-item-overlay\"><\/div>\n\n\t<div class=\"modula-item-content\">\n\n\t\t<a data-image-id=\"523\" role=\"button\" tabindex=\"0\" rel=\"jtg-517\" data-caption=\"\" aria-label=\"Open image in lightbox\" class=\"tile-inner modula-item-link\"><\/a><img loading=\"lazy\" decoding=\"async\" class=\"pic wp-image-523\"  data-valign=\"middle\" data-halign=\"center\" alt=\"Ka\u015f Hakk\u0131nda\" data-full=\"https:\/\/aquaprincess.com\/wp-content\/uploads\/2023\/12\/kas-hakkinda-05.webp\" title=\"Ka\u015f Hakk\u0131nda\" crop=\"\" width=\"1280\" height=\"1707\" src=\"https:\/\/aquaprincess.com\/wp-content\/uploads\/2023\/12\/kas-hakkinda-05.webp\" data-src=\"https:\/\/aquaprincess.com\/wp-content\/uploads\/2023\/12\/kas-hakkinda-05.webp\" data-caption=\"\" srcset=\"https:\/\/aquaprincess.com\/wp-content\/uploads\/2023\/12\/kas-hakkinda-05.webp 1280w, https:\/\/aquaprincess.com\/wp-content\/uploads\/2023\/12\/kas-hakkinda-05-225x300.webp 225w, https:\/\/aquaprincess.com\/wp-content\/uploads\/2023\/12\/kas-hakkinda-05-768x1024.webp 768w, https:\/\/aquaprincess.com\/wp-content\/uploads\/2023\/12\/kas-hakkinda-05-1152x1536.webp 1152w\" sizes=\"auto, (max-width: 1280px) 100vw, 1280px\" \/>\n\t\t<div class=\"figc no-description\">\n\t\t\t<div class=\"figc-inner\">\n\t\t\t\t\t\t\t\t\t\t\t\t\t\t\t<\/div>\n\t\t<\/div>\n\n\t<\/div>\n\n<\/div>\t\t\n\t<\/div>\n\n\t\n\t\n\t<script type=\"application\/ld+json\">\n\t{\n\t\t\"@context\": \"http:\/\/schema.org\",\n\t\t\"@type\"   : \"ImageGallery\",\n\t\t\"id\"      : \"https:\/\/aquaprincess.com\/en\/about-kas\/\",\n\t\t\"url\"     : \"https:\/\/aquaprincess.com\/en\/about-kas\/\"\n\t}\n\n\t<\/script>\n\n\t\n<\/div>\n\n\n\n<div class=\"wp-block-stackable-button-group stk-block-button-group stk-block stk-7dd3850\" data-block-id=\"7dd3850\"><div class=\"stk-row stk-inner-blocks has-text-align-center stk-block-content stk-button-group\">\n<div class=\"wp-block-stackable-button stk-block-button stk-block stk-8d884cd\" data-block-id=\"8d884cd\"><style>.stk-8d884cd .stk-button__inner-text{font-weight:500 !important;letter-spacing:2px !important}<\/style><a class=\"stk-link stk-button stk--hover-effect-darken\" href=\"#ct-popup-2092\"><span class=\"stk-button__inner-text\">BOOK NOW<\/span><\/a><\/div>\n<\/div><\/div>\n","protected":false},"excerpt":{"rendered":"<p>About Ka\u015f Cultural Heritage Ka\u015f, one of the unspoilt resorts of the Mediterranean, is a charming port town located on the coastline stretching from Antalya to Fethiye. West at the point where the steep slopes of the Taurus Mountains meet the sea; It is surrounded by peninsulas, islets and its neighbor Meis Island. Ka\u015f&#8217;s name [&hellip;]<\/p>\n","protected":false},"author":1,"featured_media":2199,"parent":0,"menu_order":8,"comment_status":"closed","ping_status":"closed","template":"","meta":{"footnotes":""},"class_list":["post-671","page","type-page","status-publish","has-post-thumbnail","hentry"],"blocksy_meta":{"has_hero_section":"disabled","vertical_spacing_source":"custom","content_area_spacing":"bottom","styles_descriptor":{"styles":{"desktop":"","tablet":"","mobile":""},"google_fonts":[],"version":6}},"_links":{"self":[{"href":"https:\/\/aquaprincess.com\/en\/wp-json\/wp\/v2\/pages\/671","targetHints":{"allow":["GET"]}}],"collection":[{"href":"https:\/\/aquaprincess.com\/en\/wp-json\/wp\/v2\/pages"}],"about":[{"href":"https:\/\/aquaprincess.com\/en\/wp-json\/wp\/v2\/types\/page"}],"author":[{"embeddable":true,"href":"https:\/\/aquaprincess.com\/en\/wp-json\/wp\/v2\/users\/1"}],"replies":[{"embeddable":true,"href":"https:\/\/aquaprincess.com\/en\/wp-json\/wp\/v2\/comments?post=671"}],"version-history":[{"count":2,"href":"https:\/\/aquaprincess.com\/en\/wp-json\/wp\/v2\/pages\/671\/revisions"}],"predecessor-version":[{"id":2105,"href":"https:\/\/aquaprincess.com\/en\/wp-json\/wp\/v2\/pages\/671\/revisions\/2105"}],"wp:featuredmedia":[{"embeddable":true,"href":"https:\/\/aquaprincess.com\/en\/wp-json\/wp\/v2\/media\/2199"}],"wp:attachment":[{"href":"https:\/\/aquaprincess.com\/en\/wp-json\/wp\/v2\/media?parent=671"}],"curies":[{"name":"wp","href":"https:\/\/api.w.org\/{rel}","templated":true}]}}